{"id":24,"date":"2023-10-11T12:16:35","date_gmt":"2023-10-11T12:16:35","guid":{"rendered":"https:\/\/rideplus.ro\/?post_type=product&#038;p=24"},"modified":"2023-10-18T07:25:35","modified_gmt":"2023-10-18T07:25:35","slug":"audit-securitate-it","status":"publish","type":"product","link":"https:\/\/rideplus.ro\/en\/product\/audit-securitate-it\/","title":{"rendered":"Audit securitate IT"},"content":{"rendered":"<p><span class=\"ILfuVd\" lang=\"ro\"><span class=\"hgKElc\">Un audit de securitate este un pas important \u00een asigurarea securit\u0103\u021bii cibernetice a unei organiza\u021bii. Acesta poate identifica vulnerabilit\u0103\u021bi \u0219i poate oferi recomand\u0103ri pentru a \u00eembun\u0103t\u0103\u021bi nivelul de securitate. De asemenea, poate ajuta la identificarea \u0219i prevenirea amenin\u021b\u0103rilor cibernetice \u00eenainte ca acestea s\u0103 devin\u0103 probleme majore. Prin urmare, un audit de securitate este un instrument valoros pentru orice organiza\u021bie care dore\u0219te s\u0103-\u0219i protejeze infrastructura digital\u0103 \u0219i s\u0103-\u0219i reduc\u0103 riscurile cibernetice.<\/span><\/span><\/p>\n<p>Importan\u021ba securit\u0103\u021bii cibernetice nu poate fi subestimat\u0103. Un atac cibernetic poate avea consecin\u021be devastatoare asupra unei organiza\u021bii, inclusiv pierderea datelor, a reputa\u021biei \u0219i a \u00eencrederii clien\u021bilor. De asemenea, poate duce la \u00eentreruperi ale activit\u0103\u021bii \u0219i la pierderi financiare semnificative. Prin urmare, investi\u021bia \u00een securitatea cibernetic\u0103 \u0219i \u00eentr-un audit de securitate este esen\u021bial\u0103 pentru a proteja organiza\u021bia \u00eempotriva amenin\u021b\u0103rilor cibernetice.<\/p>","protected":false},"excerpt":{"rendered":"<p><span class=\"ILfuVd\" lang=\"ro\"><span class=\"hgKElc\">Un <b>audit<\/b> de <b>securitate cibernetic\u0103<\/b> este o revizuire aprofundat\u0103 a m\u0103surilor de <b>securitate<\/b> a sistemelor implementate \u00een cadrul unei organiza\u021bii \u0219i este o component\u0103 vital\u0103 a unei strategii cuprinz\u0103toare de gestionare a riscurilor.<\/span><\/span><\/p>","protected":false},"featured_media":88,"comment_status":"open","ping_status":"closed","template":"","meta":{"site-sidebar-layout":"default","site-content-layout":"","ast-site-content-layout":"default","site-content-style":"default","site-sidebar-style":"default","ast-global-header-display":"","ast-banner-title-visibility":"","ast-main-header-display":"","ast-hfb-above-header-display":"","ast-hfb-below-header-display":"","ast-hfb-mobile-header-display":"","site-post-title":"","ast-breadcrumbs-content":"","ast-featured-img":"","footer-sml-layout":"","theme-transparent-header-meta":"default","adv-header-id-meta":"","stick-header-meta":"","header-above-stick-meta":"","header-main-stick-meta":"","header-below-stick-meta":"","astra-migrate-meta-layouts":"set"},"product_cat":[15],"product_tag":[],"mwb_booking_cost":[],"mwb_booking_service":[],"class_list":["post-24","product","type-product","status-publish","has-post-thumbnail","hentry","product_cat-consultanta","desktop-align-left","tablet-align-left","mobile-align-left"],"yoast_head":"<!-- This site is optimized with the Yoast SEO plugin v21.3 - https:\/\/yoast.com\/wordpress\/plugins\/seo\/ -->\n<title>Audit securitate IT -<\/title>\n<meta name=\"description\" content=\"Un audit de securitate cibernetic\u0103 este o revizuire aprofundat\u0103 a m\u0103surilor de securitate a sistemelor implementate \u00een cadrul unei organiza\u021bii \u0219i este o component\u0103 vital\u0103 a unei strategii cuprinz\u0103toare de gestionare a riscurilor.\" \/>\n<meta name=\"robots\" content=\"index, follow, max-snippet:-1, max-image-preview:large, max-video-preview:-1\" \/>\n<link rel=\"canonical\" href=\"https:\/\/rideplus.ro\/en\/product\/audit-securitate-it\/\" \/>\n<meta property=\"og:locale\" content=\"en_US\" \/>\n<meta property=\"og:type\" content=\"article\" \/>\n<meta property=\"og:title\" content=\"Audit securitate IT -\" \/>\n<meta property=\"og:description\" content=\"Un audit de securitate cibernetic\u0103 este o revizuire aprofundat\u0103 a m\u0103surilor de securitate a sistemelor implementate \u00een cadrul unei organiza\u021bii \u0219i este o component\u0103 vital\u0103 a unei strategii cuprinz\u0103toare de gestionare a riscurilor.\" \/>\n<meta property=\"og:url\" content=\"https:\/\/rideplus.ro\/en\/product\/audit-securitate-it\/\" \/>\n<meta property=\"article:modified_time\" content=\"2023-10-18T07:25:35+00:00\" \/>\n<meta property=\"og:image\" content=\"https:\/\/rideplus.ro\/wp-content\/uploads\/2023\/10\/cybersecurity-freepik.jpg\" \/>\n\t<meta property=\"og:image:width\" content=\"684\" \/>\n\t<meta property=\"og:image:height\" content=\"418\" \/>\n\t<meta property=\"og:image:type\" content=\"image\/jpeg\" \/>\n<meta name=\"twitter:card\" content=\"summary_large_image\" \/>\n<meta name=\"twitter:label1\" content=\"Est. reading time\" \/>\n\t<meta name=\"twitter:data1\" content=\"1 minute\" \/>\n<script type=\"application\/ld+json\" class=\"yoast-schema-graph\">{\"@context\":\"https:\/\/schema.org\",\"@graph\":[{\"@type\":\"WebPage\",\"@id\":\"https:\/\/rideplus.ro\/product\/audit-securitate-it\/\",\"url\":\"https:\/\/rideplus.ro\/product\/audit-securitate-it\/\",\"name\":\"Audit securitate IT -\",\"isPartOf\":{\"@id\":\"https:\/\/rideplus.ro\/#website\"},\"datePublished\":\"2023-10-11T12:16:35+00:00\",\"dateModified\":\"2023-10-18T07:25:35+00:00\",\"description\":\"Un audit de securitate cibernetic\u0103 este o revizuire aprofundat\u0103 a m\u0103surilor de securitate a sistemelor implementate \u00een cadrul unei organiza\u021bii \u0219i este o component\u0103 vital\u0103 a unei strategii cuprinz\u0103toare de gestionare a riscurilor.\",\"breadcrumb\":{\"@id\":\"https:\/\/rideplus.ro\/product\/audit-securitate-it\/#breadcrumb\"},\"inLanguage\":\"en-US\",\"potentialAction\":[{\"@type\":\"ReadAction\",\"target\":[\"https:\/\/rideplus.ro\/product\/audit-securitate-it\/\"]}]},{\"@type\":\"BreadcrumbList\",\"@id\":\"https:\/\/rideplus.ro\/product\/audit-securitate-it\/#breadcrumb\",\"itemListElement\":[{\"@type\":\"ListItem\",\"position\":1,\"name\":\"Home\",\"item\":\"https:\/\/rideplus.ro\/\"},{\"@type\":\"ListItem\",\"position\":2,\"name\":\"Shop\",\"item\":\"https:\/\/rideplus.ro\/shop\/\"},{\"@type\":\"ListItem\",\"position\":3,\"name\":\"Audit securitate IT\"}]},{\"@type\":\"WebSite\",\"@id\":\"https:\/\/rideplus.ro\/#website\",\"url\":\"https:\/\/rideplus.ro\/\",\"name\":\"\",\"description\":\"\",\"potentialAction\":[{\"@type\":\"SearchAction\",\"target\":{\"@type\":\"EntryPoint\",\"urlTemplate\":\"https:\/\/rideplus.ro\/?s={search_term_string}\"},\"query-input\":\"required name=search_term_string\"}],\"inLanguage\":\"en-US\"}]}<\/script>\n<!-- \/ Yoast SEO plugin. -->","yoast_head_json":{"title":"Audit securitate IT -","description":"Un audit de securitate cibernetic\u0103 este o revizuire aprofundat\u0103 a m\u0103surilor de securitate a sistemelor implementate \u00een cadrul unei organiza\u021bii \u0219i este o component\u0103 vital\u0103 a unei strategii cuprinz\u0103toare de gestionare a riscurilor.","robots":{"index":"index","follow":"follow","max-snippet":"max-snippet:-1","max-image-preview":"max-image-preview:large","max-video-preview":"max-video-preview:-1"},"canonical":"https:\/\/rideplus.ro\/en\/product\/audit-securitate-it\/","og_locale":"en_US","og_type":"article","og_title":"Audit securitate IT -","og_description":"Un audit de securitate cibernetic\u0103 este o revizuire aprofundat\u0103 a m\u0103surilor de securitate a sistemelor implementate \u00een cadrul unei organiza\u021bii \u0219i este o component\u0103 vital\u0103 a unei strategii cuprinz\u0103toare de gestionare a riscurilor.","og_url":"https:\/\/rideplus.ro\/en\/product\/audit-securitate-it\/","article_modified_time":"2023-10-18T07:25:35+00:00","og_image":[{"width":684,"height":418,"url":"https:\/\/rideplus.ro\/wp-content\/uploads\/2023\/10\/cybersecurity-freepik.jpg","type":"image\/jpeg"}],"twitter_card":"summary_large_image","twitter_misc":{"Est. reading time":"1 minute"},"schema":{"@context":"https:\/\/schema.org","@graph":[{"@type":"WebPage","@id":"https:\/\/rideplus.ro\/product\/audit-securitate-it\/","url":"https:\/\/rideplus.ro\/product\/audit-securitate-it\/","name":"Audit securitate IT -","isPartOf":{"@id":"https:\/\/rideplus.ro\/#website"},"datePublished":"2023-10-11T12:16:35+00:00","dateModified":"2023-10-18T07:25:35+00:00","description":"Un audit de securitate cibernetic\u0103 este o revizuire aprofundat\u0103 a m\u0103surilor de securitate a sistemelor implementate \u00een cadrul unei organiza\u021bii \u0219i este o component\u0103 vital\u0103 a unei strategii cuprinz\u0103toare de gestionare a riscurilor.","breadcrumb":{"@id":"https:\/\/rideplus.ro\/product\/audit-securitate-it\/#breadcrumb"},"inLanguage":"en-US","potentialAction":[{"@type":"ReadAction","target":["https:\/\/rideplus.ro\/product\/audit-securitate-it\/"]}]},{"@type":"BreadcrumbList","@id":"https:\/\/rideplus.ro\/product\/audit-securitate-it\/#breadcrumb","itemListElement":[{"@type":"ListItem","position":1,"name":"Home","item":"https:\/\/rideplus.ro\/"},{"@type":"ListItem","position":2,"name":"Shop","item":"https:\/\/rideplus.ro\/shop\/"},{"@type":"ListItem","position":3,"name":"Audit securitate IT"}]},{"@type":"WebSite","@id":"https:\/\/rideplus.ro\/#website","url":"https:\/\/rideplus.ro\/","name":"","description":"","potentialAction":[{"@type":"SearchAction","target":{"@type":"EntryPoint","urlTemplate":"https:\/\/rideplus.ro\/?s={search_term_string}"},"query-input":"required name=search_term_string"}],"inLanguage":"en-US"}]}},"_links":{"self":[{"href":"https:\/\/rideplus.ro\/en\/wp-json\/wp\/v2\/product\/24","targetHints":{"allow":["GET"]}}],"collection":[{"href":"https:\/\/rideplus.ro\/en\/wp-json\/wp\/v2\/product"}],"about":[{"href":"https:\/\/rideplus.ro\/en\/wp-json\/wp\/v2\/types\/product"}],"replies":[{"embeddable":true,"href":"https:\/\/rideplus.ro\/en\/wp-json\/wp\/v2\/comments?post=24"}],"wp:featuredmedia":[{"embeddable":true,"href":"https:\/\/rideplus.ro\/en\/wp-json\/wp\/v2\/media\/88"}],"wp:attachment":[{"href":"https:\/\/rideplus.ro\/en\/wp-json\/wp\/v2\/media?parent=24"}],"wp:term":[{"taxonomy":"product_cat","embeddable":true,"href":"https:\/\/rideplus.ro\/en\/wp-json\/wp\/v2\/product_cat?post=24"},{"taxonomy":"product_tag","embeddable":true,"href":"https:\/\/rideplus.ro\/en\/wp-json\/wp\/v2\/product_tag?post=24"},{"taxonomy":"mwb_booking_cost","embeddable":true,"href":"https:\/\/rideplus.ro\/en\/wp-json\/wp\/v2\/mwb_booking_cost?post=24"},{"taxonomy":"mwb_booking_service","embeddable":true,"href":"https:\/\/rideplus.ro\/en\/wp-json\/wp\/v2\/mwb_booking_service?post=24"}],"curies":[{"name":"wp","href":"https:\/\/api.w.org\/{rel}","templated":true}]}}