{"id":75,"date":"2023-10-18T05:32:01","date_gmt":"2023-10-18T05:32:01","guid":{"rendered":"https:\/\/rideplus.ro\/?page_id=75"},"modified":"2023-10-18T05:33:42","modified_gmt":"2023-10-18T05:33:42","slug":"despre-noi","status":"publish","type":"page","link":"https:\/\/rideplus.ro\/en\/despre-noi\/","title":{"rendered":"About us"},"content":{"rendered":"<p>Suntem o companie specializat\u0103 \u00een furnizarea de servicii de consultan\u021b\u0103 \u00een domeniul re\u021belelor, securit\u0103\u021bii \u0219i cloud. Avem o echip\u0103 de exper\u021bi cu competen\u021be solide \u00een proiectarea \u0219i implementarea infrastructurilor complexe, precum \u0219i \u00een gestionarea \u0219i securizarea acestora.<\/p>\n\n\n\n<p>Oferim servicii de consultan\u021b\u0103 personalizate, adaptate nevoilor \u0219i cerin\u021belor specifice ale clien\u021bilor no\u0219tri. Avem o vast\u0103 experien\u021b\u0103 \u00een lucrul cu tehnologii precum Cisco, Juniper, Fortinet, Vmware, AWS \u0219i Azure, ceea ce ne permite s\u0103 oferim solu\u021bii eficiente \u0219i inovatoare.<\/p>\n\n\n\n<p>Echipa noastr\u0103 de exper\u021bi este dedicat\u0103 \u00een totalitate satisfacerii clien\u021bilor no\u0219tri \u0219i ne str\u0103duim s\u0103 oferim cele mai bune servicii \u0219i solu\u021bii pentru a r\u0103spunde nevoilor lor \u00eentr-un mod eficient \u0219i sigur.<\/p>\n\n\n\n<p>Indiferent dac\u0103 ave\u021bi nevoie de consultan\u021b\u0103 \u00een proiectarea \u0219i implementarea unei re\u021bele complexe, securizarea infrastructurii dvs. sau migrarea \u00een cloud, suntem aici pentru a v\u0103 ajuta. Avem cuno\u0219tin\u021be \u0219i experien\u021b\u0103 \u00een tehnologiile de ultim\u0103 genera\u021bie \u0219i suntem mereu la curent cu cele mai recente tendin\u021be \u0219i best practice-uri din industrie.<\/p>\n\n\n\n<p>Contacta\u021bi-ne ast\u0103zi pentru a afla cum v\u0103 putem ajuta s\u0103 v\u0103 \u00eendeplini\u021bi obiectivele \u0219i s\u0103 v\u0103 asigura\u021bi c\u0103 infrastructura dvs. este sigur\u0103, eficient\u0103 \u0219i scalabil\u0103. Suntem aici pentru a fi partenerul dvs. de \u00eencredere \u00een domeniul consultan\u021bei \u00een re\u021bele, securitate \u0219i cloud.<\/p>\n\n\n\n<p><\/p>","protected":false},"excerpt":{"rendered":"<p>Suntem o companie specializat\u0103 \u00een furnizarea de servicii de consultan\u021b\u0103 \u00een domeniul re\u021belelor, securit\u0103\u021bii \u0219i cloud. Avem o echip\u0103 de exper\u021bi cu competen\u021be solide \u00een proiectarea \u0219i implementarea infrastructurilor complexe, precum \u0219i \u00een gestionarea \u0219i securizarea acestora. Oferim servicii de consultan\u021b\u0103 personalizate, adaptate nevoilor \u0219i cerin\u021belor specifice ale clien\u021bilor no\u0219tri. Avem o vast\u0103 experien\u021b\u0103 \u00een &hellip;<\/p>\n<p class=\"read-more\"> <a class=\"\" href=\"https:\/\/rideplus.ro\/en\/despre-noi\/\"> <span class=\"screen-reader-text\">About us<\/span> Read More &raquo;<\/a><\/p>","protected":false},"author":1,"featured_media":0,"parent":0,"menu_order":50,"comment_status":"closed","ping_status":"closed","template":"","meta":{"site-sidebar-layout":"default","site-content-layout":"","ast-site-content-layout":"","site-content-style":"default","site-sidebar-style":"default","ast-global-header-display":"","ast-banner-title-visibility":"","ast-main-header-display":"","ast-hfb-above-header-display":"","ast-hfb-below-header-display":"","ast-hfb-mobile-header-display":"","site-post-title":"","ast-breadcrumbs-content":"","ast-featured-img":"","footer-sml-layout":"","theme-transparent-header-meta":"","adv-header-id-meta":"","stick-header-meta":"","header-above-stick-meta":"","header-main-stick-meta":"","header-below-stick-meta":"","astra-migrate-meta-layouts":"","footnotes":""},"class_list":["post-75","page","type-page","status-publish","hentry"],"yoast_head":"<!-- This site is optimized with the Yoast SEO plugin v21.3 - https:\/\/yoast.com\/wordpress\/plugins\/seo\/ -->\n<title>Despre noi -<\/title>\n<meta name=\"robots\" content=\"index, follow, max-snippet:-1, max-image-preview:large, max-video-preview:-1\" \/>\n<link rel=\"canonical\" href=\"https:\/\/rideplus.ro\/en\/despre-noi\/\" \/>\n<meta property=\"og:locale\" content=\"en_US\" \/>\n<meta property=\"og:type\" content=\"article\" \/>\n<meta property=\"og:title\" content=\"Despre noi -\" \/>\n<meta property=\"og:description\" content=\"Suntem o companie specializat\u0103 \u00een furnizarea de servicii de consultan\u021b\u0103 \u00een domeniul re\u021belelor, securit\u0103\u021bii \u0219i cloud. Avem o echip\u0103 de exper\u021bi cu competen\u021be solide \u00een proiectarea \u0219i implementarea infrastructurilor complexe, precum \u0219i \u00een gestionarea \u0219i securizarea acestora. Oferim servicii de consultan\u021b\u0103 personalizate, adaptate nevoilor \u0219i cerin\u021belor specifice ale clien\u021bilor no\u0219tri. Avem o vast\u0103 experien\u021b\u0103 \u00een &hellip; Despre noi Read More &raquo;\" \/>\n<meta property=\"og:url\" content=\"https:\/\/rideplus.ro\/en\/despre-noi\/\" \/>\n<meta property=\"article:modified_time\" content=\"2023-10-18T05:33:42+00:00\" \/>\n<meta name=\"twitter:card\" content=\"summary_large_image\" \/>\n<meta name=\"twitter:label1\" content=\"Est. reading time\" \/>\n\t<meta name=\"twitter:data1\" content=\"1 minute\" \/>\n<script type=\"application\/ld+json\" class=\"yoast-schema-graph\">{\"@context\":\"https:\/\/schema.org\",\"@graph\":[{\"@type\":\"WebPage\",\"@id\":\"https:\/\/rideplus.ro\/despre-noi\/\",\"url\":\"https:\/\/rideplus.ro\/despre-noi\/\",\"name\":\"Despre noi -\",\"isPartOf\":{\"@id\":\"https:\/\/rideplus.ro\/#website\"},\"datePublished\":\"2023-10-18T05:32:01+00:00\",\"dateModified\":\"2023-10-18T05:33:42+00:00\",\"breadcrumb\":{\"@id\":\"https:\/\/rideplus.ro\/despre-noi\/#breadcrumb\"},\"inLanguage\":\"en-US\",\"potentialAction\":[{\"@type\":\"ReadAction\",\"target\":[\"https:\/\/rideplus.ro\/despre-noi\/\"]}]},{\"@type\":\"BreadcrumbList\",\"@id\":\"https:\/\/rideplus.ro\/despre-noi\/#breadcrumb\",\"itemListElement\":[{\"@type\":\"ListItem\",\"position\":1,\"name\":\"Home\",\"item\":\"https:\/\/rideplus.ro\/\"},{\"@type\":\"ListItem\",\"position\":2,\"name\":\"Despre noi\"}]},{\"@type\":\"WebSite\",\"@id\":\"https:\/\/rideplus.ro\/#website\",\"url\":\"https:\/\/rideplus.ro\/\",\"name\":\"\",\"description\":\"\",\"potentialAction\":[{\"@type\":\"SearchAction\",\"target\":{\"@type\":\"EntryPoint\",\"urlTemplate\":\"https:\/\/rideplus.ro\/?s={search_term_string}\"},\"query-input\":\"required name=search_term_string\"}],\"inLanguage\":\"en-US\"}]}<\/script>\n<!-- \/ Yoast SEO plugin. -->","yoast_head_json":{"title":"Despre noi -","robots":{"index":"index","follow":"follow","max-snippet":"max-snippet:-1","max-image-preview":"max-image-preview:large","max-video-preview":"max-video-preview:-1"},"canonical":"https:\/\/rideplus.ro\/en\/despre-noi\/","og_locale":"en_US","og_type":"article","og_title":"Despre noi -","og_description":"Suntem o companie specializat\u0103 \u00een furnizarea de servicii de consultan\u021b\u0103 \u00een domeniul re\u021belelor, securit\u0103\u021bii \u0219i cloud. Avem o echip\u0103 de exper\u021bi cu competen\u021be solide \u00een proiectarea \u0219i implementarea infrastructurilor complexe, precum \u0219i \u00een gestionarea \u0219i securizarea acestora. Oferim servicii de consultan\u021b\u0103 personalizate, adaptate nevoilor \u0219i cerin\u021belor specifice ale clien\u021bilor no\u0219tri. Avem o vast\u0103 experien\u021b\u0103 \u00een &hellip; Despre noi Read More &raquo;","og_url":"https:\/\/rideplus.ro\/en\/despre-noi\/","article_modified_time":"2023-10-18T05:33:42+00:00","twitter_card":"summary_large_image","twitter_misc":{"Est. reading time":"1 minute"},"schema":{"@context":"https:\/\/schema.org","@graph":[{"@type":"WebPage","@id":"https:\/\/rideplus.ro\/despre-noi\/","url":"https:\/\/rideplus.ro\/despre-noi\/","name":"Despre noi -","isPartOf":{"@id":"https:\/\/rideplus.ro\/#website"},"datePublished":"2023-10-18T05:32:01+00:00","dateModified":"2023-10-18T05:33:42+00:00","breadcrumb":{"@id":"https:\/\/rideplus.ro\/despre-noi\/#breadcrumb"},"inLanguage":"en-US","potentialAction":[{"@type":"ReadAction","target":["https:\/\/rideplus.ro\/despre-noi\/"]}]},{"@type":"BreadcrumbList","@id":"https:\/\/rideplus.ro\/despre-noi\/#breadcrumb","itemListElement":[{"@type":"ListItem","position":1,"name":"Home","item":"https:\/\/rideplus.ro\/"},{"@type":"ListItem","position":2,"name":"Despre noi"}]},{"@type":"WebSite","@id":"https:\/\/rideplus.ro\/#website","url":"https:\/\/rideplus.ro\/","name":"","description":"","potentialAction":[{"@type":"SearchAction","target":{"@type":"EntryPoint","urlTemplate":"https:\/\/rideplus.ro\/?s={search_term_string}"},"query-input":"required name=search_term_string"}],"inLanguage":"en-US"}]}},"_links":{"self":[{"href":"https:\/\/rideplus.ro\/en\/wp-json\/wp\/v2\/pages\/75","targetHints":{"allow":["GET"]}}],"collection":[{"href":"https:\/\/rideplus.ro\/en\/wp-json\/wp\/v2\/pages"}],"about":[{"href":"https:\/\/rideplus.ro\/en\/wp-json\/wp\/v2\/types\/page"}],"author":[{"embeddable":true,"href":"https:\/\/rideplus.ro\/en\/wp-json\/wp\/v2\/users\/1"}],"replies":[{"embeddable":true,"href":"https:\/\/rideplus.ro\/en\/wp-json\/wp\/v2\/comments?post=75"}],"version-history":[{"count":1,"href":"https:\/\/rideplus.ro\/en\/wp-json\/wp\/v2\/pages\/75\/revisions"}],"predecessor-version":[{"id":76,"href":"https:\/\/rideplus.ro\/en\/wp-json\/wp\/v2\/pages\/75\/revisions\/76"}],"wp:attachment":[{"href":"https:\/\/rideplus.ro\/en\/wp-json\/wp\/v2\/media?parent=75"}],"curies":[{"name":"wp","href":"https:\/\/api.w.org\/{rel}","templated":true}]}}